{"id":303,"date":"2021-02-28T22:55:26","date_gmt":"2021-02-28T21:55:26","guid":{"rendered":"https:\/\/upmerch.store\/larabiadelpueblo\/?page_id=303"},"modified":"2022-08-12T10:26:19","modified_gmt":"2022-08-12T08:26:19","slug":"t-shirts","status":"publish","type":"page","link":"https:\/\/upmerch.store\/larabiadelpueblo\/?page_id=303","title":{"rendered":"T-Shirts"},"content":{"rendered":"<!-- wp:themify-builder\/canvas \/-->","protected":false},"excerpt":{"rendered":"","protected":false},"author":2,"featured_media":0,"parent":0,"menu_order":0,"comment_status":"closed","ping_status":"closed","template":"","meta":[],"builder_content":"<p style=\"text-align: center;\"><a style=\"color: #000000;\" href=\"https:\/\/upmerch.store\/larabiadelpueblo\/?page_id=744\" target=\"_blank\" rel=\"noopener\"><strong>VOIR LE GUIDE DES TAILLES<\/strong><\/a><\/p> <p>\u00a0<\/p>\n[gallery ids=\"570,566\"]\n<p><strong>Tee shirt homme carr\u00e9 \"La Rabia del Pueblo\" bleu<\/strong><\/p> <p>S\u00e9rigraphie blanche<\/p> <p>Dos du tee shirt :<\/p> <p><em>\"Ceux qui n'ont pas peur du vide ne tombent pas\"<\/em><\/p> <p><strong>20EUR<\/strong><\/p>\n\u00a0 <p><\/p>\n[gallery ids=\"628,629\"]\n<p><strong>Tee shirt femme soleil \"La Rabia del Pueblo\" bleu<\/strong><\/p> <p>S\u00e9rigraphie blanche<\/p> <p>Dos du tee shirt :<\/p> <p><em>\"La beaut\u00e9 de la vie d\u00e9pend de ton regard\"<\/em><\/p> <p><strong>20EUR<\/strong><\/p>\n\u00a0 <p><\/p>\n\n[gallery ids=\"612,613\"]\n<p><strong>Tee shirt homme carr\u00e9 \"La Rabia del Pueblo\" sable<\/strong><\/p> <p>S\u00e9rigraphie chocolat<\/p> <p>Dos du tee shirt :<\/p> <p><em>\"Dis leur que petite graine deviendra baobab\"<\/em><\/p> <p><strong>20EUR<\/strong><\/p>\n\u00a0 <p><\/p>\n[gallery ids=\"635,636\"]\n<p><strong>Tee shirt femme soleil \"La Rabia del Pueblo\"gris chin\u00e9<\/strong><\/p> <p>S\u00e9rigraphie noire<\/p> <p>Dos du tee shirt :<\/p> <p><em>\"Je les \u00e9couterai quand ils parleront d'humanit\u00e9 avant de parler de millions\"<br \/><\/em><strong>20EUR<\/strong><\/p>\n\u00a0 <p><\/p>\n\n[gallery ids=\"596,597\"]\n<p><strong>Tee shirt homme carr\u00e9 \"La Rabia del Pueblo\" noir<\/strong><\/p> <p>S\u00e9rigraphie blanche<\/p> <p>Dos du tee shirt :<\/p> <p><em>\"Les moutons suivent le troupeau, le berger m\u00e8ne \u00e0 l'abattoir, qui peut te sauver \u00e0 part toi ?\"<br \/><\/em><strong>20EUR<\/strong><\/p>\n\u00a0 <p><\/p>\n[gallery ids=\"639,640\"]\n<p><strong>Tee shirt femme soleil \"La Rabia del Pueblo\"noir<\/strong><\/p> <p>S\u00e9rigraphie blanche<\/p> <p>Dos du tee shirt :<\/p> <p><em> \"Les moutons suivent le troupeau, le berger m\u00e8ne \u00e0 l'abattoir, qui peut te sauver \u00e0 part toi ?\"<br \/><\/em><strong>20EUR<\/strong><\/p>\n\u00a0 <p><\/p>\n\n[gallery ids=\"615,616\"]\n<p><strong>Tee shirt homme soleil \"La Rabia del Pueblo\" kaki<\/strong><\/p> <p>S\u00e9rigraphie blanche<\/p> <p>Dos du tee shirt :<\/p> <p><em>\"Rassur\u00e9e par le chant des loups et pas par celui des bergers\"<\/em><\/p> <p><strong>20EUR<\/strong><\/p>\n\u00a0 <p><\/p>\n[gallery ids=\"642,643\"]\n<p><strong>Tee shirt femme soleil \"La Rabia del Pueblo\"corail<\/strong><\/p> <p>S\u00e9rigraphie blanche<\/p> <p>Dos du tee shirt :<\/p> <p><em>\"Le soleil brille pour tous, que les rois de ce monde en prennent l'exemple\"<br \/><\/em><strong>20EUR<\/strong><\/p>\n\u00a0 <p><\/p>","_links":{"self":[{"href":"https:\/\/upmerch.store\/larabiadelpueblo\/index.php?rest_route=\/wp\/v2\/pages\/303"}],"collection":[{"href":"https:\/\/upmerch.store\/larabiadelpueblo\/index.php?rest_route=\/wp\/v2\/pages"}],"about":[{"href":"https:\/\/upmerch.store\/larabiadelpueblo\/index.php?rest_route=\/wp\/v2\/types\/page"}],"author":[{"embeddable":true,"href":"https:\/\/upmerch.store\/larabiadelpueblo\/index.php?rest_route=\/wp\/v2\/users\/2"}],"replies":[{"embeddable":true,"href":"https:\/\/upmerch.store\/larabiadelpueblo\/index.php?rest_route=%2Fwp%2Fv2%2Fcomments&post=303"}],"version-history":[{"count":125,"href":"https:\/\/upmerch.store\/larabiadelpueblo\/index.php?rest_route=\/wp\/v2\/pages\/303\/revisions"}],"predecessor-version":[{"id":771,"href":"https:\/\/upmerch.store\/larabiadelpueblo\/index.php?rest_route=\/wp\/v2\/pages\/303\/revisions\/771"}],"wp:attachment":[{"href":"https:\/\/upmerch.store\/larabiadelpueblo\/index.php?rest_route=%2Fwp%2Fv2%2Fmedia&parent=303"}],"curies":[{"name":"wp","href":"https:\/\/api.w.org\/{rel}","templated":true}]}}