{"id":735,"date":"2022-08-09T15:00:32","date_gmt":"2022-08-09T13:00:32","guid":{"rendered":"https:\/\/upmerch.store\/larabiadelpueblo\/?page_id=735"},"modified":"2022-08-09T15:14:31","modified_gmt":"2022-08-09T13:14:31","slug":"home-2-2","status":"publish","type":"page","link":"https:\/\/upmerch.store\/larabiadelpueblo\/?page_id=735","title":{"rendered":"CGV"},"content":{"rendered":"<!-- wp:themify-builder\/canvas \/-->","protected":false},"excerpt":{"rendered":"","protected":false},"author":1,"featured_media":0,"parent":0,"menu_order":0,"comment_status":"closed","ping_status":"closed","template":"","meta":[],"builder_content":"<p>\u2013 Toute commande a un num\u00e9ro de commande et ensuite un num\u00e9ro de suivi d\u00e8s que la commande est envoy\u00e9e.<br \/>Attention les num\u00e9ros des lettres suivies ne sont pas envoy\u00e9s automatiquement, la Poste est en train de d\u00e9velopper un module pour palier \u00e0 ce souci.<br \/>Merci de nous contacter si vous choisissez ce moyen d'exp\u00e9dition et ne recevez pas d'email automatique contenant le suivi de votre commande.<\/p> <p>\u2013 Toute commande est d\u00e9finitive.<br \/>Cela veut dire qu'elle est produite \u00e0 l'unit\u00e9 et ne sera pas remboursable, la personnalisation des articles que vous commandez sont faits \u00e0 la demande pour la majorit\u00e9 d'entre eux.<br \/>Toutefois il est possible de faire un \u00e9change si notre stock le permet \u00e9videmment, cela sera aux frais de l'acheteur.<br \/>Si le stock n'est plus disponible, l'\u00e9change ne sera pas possible.<\/p> <p>\u2013 Nous ne sommes pas responsables des paquets perdus ou endommag\u00e9s, nous vous accompagnerons \u00e9videmment dans vos d\u00e9marches avec le transporteur si besoin et sur demande mais nous ne sommes nullement responsables des al\u00e9as de transports.<br \/>Merci de ne d\u00e9clarer un paquet perdu qu'apr\u00e8s 2 semaines de d\u00e9lai d'envoi.<\/p> <p>\u2013 Les commandes sont envoy\u00e9es tous les jours ouvr\u00e9s mais en cas de forte demande ou de p\u00e9riode de vacances, des envois peuvent \u00eatre retard\u00e9s, nous faisons \u00e9videmment le maximum pour tout traiter en 24\/48h mais il se peut que des commandes prennent un peu plus de temps \u00e0 partir en cas de circonstances exceptionnelles.<\/p>","_links":{"self":[{"href":"https:\/\/upmerch.store\/larabiadelpueblo\/index.php?rest_route=\/wp\/v2\/pages\/735"}],"collection":[{"href":"https:\/\/upmerch.store\/larabiadelpueblo\/index.php?rest_route=\/wp\/v2\/pages"}],"about":[{"href":"https:\/\/upmerch.store\/larabiadelpueblo\/index.php?rest_route=\/wp\/v2\/types\/page"}],"author":[{"embeddable":true,"href":"https:\/\/upmerch.store\/larabiadelpueblo\/index.php?rest_route=\/wp\/v2\/users\/1"}],"replies":[{"embeddable":true,"href":"https:\/\/upmerch.store\/larabiadelpueblo\/index.php?rest_route=%2Fwp%2Fv2%2Fcomments&post=735"}],"version-history":[{"count":7,"href":"https:\/\/upmerch.store\/larabiadelpueblo\/index.php?rest_route=\/wp\/v2\/pages\/735\/revisions"}],"predecessor-version":[{"id":742,"href":"https:\/\/upmerch.store\/larabiadelpueblo\/index.php?rest_route=\/wp\/v2\/pages\/735\/revisions\/742"}],"wp:attachment":[{"href":"https:\/\/upmerch.store\/larabiadelpueblo\/index.php?rest_route=%2Fwp%2Fv2%2Fmedia&parent=735"}],"curies":[{"name":"wp","href":"https:\/\/api.w.org\/{rel}","templated":true}]}}